{"id":4442,"date":"2023-07-24T23:00:20","date_gmt":"2023-07-25T05:00:20","guid":{"rendered":"https:\/\/sierpemangrovetour.com\/?post_type=product&#038;p=4442"},"modified":"2026-01-13T22:12:25","modified_gmt":"2026-01-14T04:12:25","slug":"mangrove-boat-tour","status":"publish","type":"product","link":"https:\/\/sierpemangrovetour.com\/es\/producto\/mangrove-boat-tour\/","title":{"rendered":"Tour en bote por el manglar"},"content":{"rendered":"<h3 style=\"font-weight: 400; text-align: center;\"><span style=\"font-style: inherit; font-weight: 600;\"><span dir=\"auto\" style=\"vertical-align: inherit;\"><span dir=\"auto\" style=\"vertical-align: inherit;\"><span dir=\"auto\" style=\"vertical-align: inherit;\"><span dir=\"auto\" style=\"vertical-align: inherit;\"><span dir=\"auto\" style=\"vertical-align: inherit;\"><span dir=\"auto\" style=\"vertical-align: inherit;\">Recorrido en bote por los manglares de Sierpe<\/span><\/span><\/span><\/span><\/span><\/span><\/span><\/h3>\n<p style=\"text-align: justify;\"><span dir=\"auto\" style=\"vertical-align: inherit;\"><span dir=\"auto\" style=\"vertical-align: inherit;\"><span dir=\"auto\" style=\"vertical-align: inherit;\"><span dir=\"auto\" style=\"vertical-align: inherit;\"><span dir=\"auto\" style=\"vertical-align: inherit;\"><span dir=\"auto\" style=\"vertical-align: inherit;\">\u00a1Descubre un para\u00edso escondido en los manglares del r\u00edo Sierpe, ubicado en Costa Rica! El r\u00edo Sierpe sirve como puerta de entrada al bosque de manglares virgen m\u00e1s extenso de Centroam\u00e9rica y es un refugio para numerosas especies de aves y otros animales salvajes. El pueblo es tranquilo y aut\u00e9ntico, situado a orillas del r\u00edo del mismo nombre. Todos nuestros recorridos comienzan desde aqu\u00ed<\/span><\/span><\/span><\/span><\/span><\/span><\/p>\n<p style=\"text-align: justify;\"><span dir=\"auto\" style=\"vertical-align: inherit;\"><span dir=\"auto\" style=\"vertical-align: inherit;\"><span dir=\"auto\" style=\"vertical-align: inherit;\"><span dir=\"auto\" style=\"vertical-align: inherit;\"><span dir=\"auto\" style=\"vertical-align: inherit;\"><span dir=\"auto\" style=\"vertical-align: inherit;\">La belleza natural del r\u00edo Sierpe y los canales de manglares es impresionante, y el bosque de manglares es fascinante. En Kokopelli, nos esforzamos por brindarle a usted oa su grupo una experiencia inolvidable. Podemos mostrarle lugares que ni siquiera los lugare\u00f1os han visto.<\/span><\/span><\/span><\/span><\/span><\/span><\/p>\n<p style=\"text-align: justify;\"><span dir=\"auto\" style=\"vertical-align: inherit;\"><span dir=\"auto\" style=\"vertical-align: inherit;\"><span dir=\"auto\" style=\"vertical-align: inherit;\"><span dir=\"auto\" style=\"vertical-align: inherit;\"><span dir=\"auto\" style=\"vertical-align: inherit;\"><span dir=\"auto\" style=\"vertical-align: inherit;\">Acomp\u00e1\u00f1enos en nuestras visitas guiadas que lo llevar\u00e1n por afluentes y manglares protegidos, donde podr\u00e1 observar una abundante vida silvestre. Durante el recorrido, tendr\u00e1 la oportunidad de ver tres especies diferentes de monos y numerosas aves, como guacamayos, garzas, garcetas, caranchos, martines pescadores y halcones. Adem\u00e1s, podr\u00e1s observar perezosos de lento movimiento, cocodrilos, caimanes, serpientes, tortugas y mucho m\u00e1s.<\/span><\/span><\/span><\/span><\/span><\/span><\/p>\n<p style=\"text-align: justify;\"><span dir=\"auto\" style=\"vertical-align: inherit;\"><span dir=\"auto\" style=\"vertical-align: inherit;\"><span dir=\"auto\" style=\"vertical-align: inherit;\"><span dir=\"auto\" style=\"vertical-align: inherit;\"><span dir=\"auto\" style=\"vertical-align: inherit;\"><span dir=\"auto\" style=\"vertical-align: inherit;\">Nuestras gu\u00edas locales biling\u00fces conocen a fondo el r\u00edo y saben d\u00f3nde encontrar las mejores vistas de animales y aves. Al avistar un animal o ave, maniobrar\u00e1n la embarcaci\u00f3n para brindarle una excelente oportunidad de observaci\u00f3n y la toma fotogr\u00e1fica perfecta.<\/span><\/span><\/span><\/span><\/span><\/span><\/p>","protected":false},"excerpt":{"rendered":"<h3 style=\"font-weight: 400; text-align: center;\"><span style=\"font-style: inherit; font-weight: 600;\"><span dir=\"auto\" style=\"vertical-align: inherit;\"><span dir=\"auto\" style=\"vertical-align: inherit;\"><span dir=\"auto\" style=\"vertical-align: inherit;\"><span dir=\"auto\" style=\"vertical-align: inherit;\"><span dir=\"auto\" style=\"vertical-align: inherit;\"><span dir=\"auto\" style=\"vertical-align: inherit;\">Recorrido en bote por los manglares de Sierpe<\/span><\/span><\/span><\/span><\/span><\/span><\/span><\/h3>\n<p style=\"text-align: justify;\"><span dir=\"auto\" style=\"vertical-align: inherit;\"><span dir=\"auto\" style=\"vertical-align: inherit;\"><span dir=\"auto\" style=\"vertical-align: inherit;\"><span dir=\"auto\" style=\"vertical-align: inherit;\"><span dir=\"auto\" style=\"vertical-align: inherit;\"><span dir=\"auto\" style=\"vertical-align: inherit;\">Disfrute de un paseo tranquilo en bote por el r\u00edo Sierpe para observar diversas especies animales del manglar de la zona. El recorrido dura aproximadamente 3 horas e incluye un bote con toldo Bimini, agua embotellada y refresco de frutas para refrescarse. Durante el recorrido, aprender\u00e1 sobre la belleza y la singularidad de la flora y fauna tropical del delicado ecosistema del r\u00edo Sierpe con un gu\u00eda experto.<\/span><\/span><\/span><\/span><\/span><\/span><\/p>\n<p style=\"text-align: justify;\"><span dir=\"auto\" style=\"vertical-align: inherit;\"><span dir=\"auto\" style=\"vertical-align: inherit;\"><span dir=\"auto\" style=\"vertical-align: inherit;\"><span dir=\"auto\" style=\"vertical-align: inherit;\"><span dir=\"auto\" style=\"vertical-align: inherit;\"><span dir=\"auto\" style=\"vertical-align: inherit;\">El recorrido incluye gu\u00eda, agua y refresco de frutas. El m\u00ednimo de personas es de dos. Las embarcaciones tienen capacidad para 2, 6, 8 y hasta 20 personas. Adem\u00e1s, el operador tur\u00edstico cuenta con una pol\u00edtica de responsabilidad civil vigente y la embarcaci\u00f3n est\u00e1 debidamente registrada en la capitan\u00eda del puerto.<\/span><\/span><\/span><\/span><\/span><\/span><\/p>\n<p style=\"text-align: justify;\"><span dir=\"auto\" style=\"vertical-align: inherit;\"><span dir=\"auto\" style=\"vertical-align: inherit;\"><span dir=\"auto\" style=\"vertical-align: inherit;\"><span dir=\"auto\" style=\"vertical-align: inherit;\"><span dir=\"auto\" style=\"vertical-align: inherit;\"><span dir=\"auto\" style=\"vertical-align: inherit;\">El pago puede realizarse en efectivo o a trav\u00e9s de PayPal, en colones o d\u00f3lares. Los horarios de salida del tour son las 8:30 am y la 1:00 pm. Por favor, aseg\u00farese de presentarse en la oficina media hora antes de la salida.<\/span><\/span><\/span><\/span><\/span><\/span><\/p>\n<p style=\"text-align: justify;\"><span dir=\"auto\" style=\"vertical-align: inherit;\"><span dir=\"auto\" style=\"vertical-align: inherit;\"><span dir=\"auto\" style=\"vertical-align: inherit;\"><span dir=\"auto\" style=\"vertical-align: inherit;\"><span dir=\"auto\" style=\"vertical-align: inherit;\"><span dir=\"auto\" style=\"vertical-align: inherit;\">El tour cuesta $79 para adultos y $57 para ni\u00f1os menores de 7 a\u00f1os. El precio incluye IVA, pero no incluye el costo de la transferencia por PayPal. El recorrido est\u00e1 disponible en espa\u00f1ol o ingl\u00e9s.<\/span><\/span><\/span><\/span><\/span><\/span><\/p>","protected":false},"featured_media":2628,"comment_status":"open","ping_status":"closed","template":"","meta":{"_uf_show_specific_survey":0,"_uf_disable_surveys":false,"jetpack_publicize_message":"","jetpack_publicize_feature_enabled":true,"jetpack_social_post_already_shared":true,"jetpack_social_options":{"image_generator_settings":{"template":"highway","default_image_id":0,"font":"","enabled":false},"version":2}},"product_brand":[],"product_cat":[17],"product_tag":[83,86,85,84,82,87],"class_list":{"0":"post-4442","1":"product","2":"type-product","3":"status-publish","4":"has-post-thumbnail","6":"product_cat-uncategorized","7":"product_tag-boat-tour","8":"product_tag-costa-rica","9":"product_tag-mangrove-tour","10":"product_tag-sierpe","11":"product_tag-wildlife","12":"product_tag-wildlife-and-mangrove-tours","14":"first","15":"instock","16":"virtual","17":"sold-individually","18":"purchasable","19":"product-type-booking"},"aioseo_notices":[],"jetpack_publicize_connections":[],"jetpack_sharing_enabled":true,"_links":{"self":[{"href":"https:\/\/sierpemangrovetour.com\/es\/wp-json\/wp\/v2\/product\/4442","targetHints":{"allow":["GET"]}}],"collection":[{"href":"https:\/\/sierpemangrovetour.com\/es\/wp-json\/wp\/v2\/product"}],"about":[{"href":"https:\/\/sierpemangrovetour.com\/es\/wp-json\/wp\/v2\/types\/product"}],"replies":[{"embeddable":true,"href":"https:\/\/sierpemangrovetour.com\/es\/wp-json\/wp\/v2\/comments?post=4442"}],"wp:featuredmedia":[{"embeddable":true,"href":"https:\/\/sierpemangrovetour.com\/es\/wp-json\/wp\/v2\/media\/2628"}],"wp:attachment":[{"href":"https:\/\/sierpemangrovetour.com\/es\/wp-json\/wp\/v2\/media?parent=4442"}],"wp:term":[{"taxonomy":"product_brand","embeddable":true,"href":"https:\/\/sierpemangrovetour.com\/es\/wp-json\/wp\/v2\/product_brand?post=4442"},{"taxonomy":"product_cat","embeddable":true,"href":"https:\/\/sierpemangrovetour.com\/es\/wp-json\/wp\/v2\/product_cat?post=4442"},{"taxonomy":"product_tag","embeddable":true,"href":"https:\/\/sierpemangrovetour.com\/es\/wp-json\/wp\/v2\/product_tag?post=4442"}],"curies":[{"name":"wp","href":"https:\/\/api.w.org\/{rel}","templated":true}]}}