{"id":5734,"date":"2023-12-17T15:27:30","date_gmt":"2023-12-17T21:27:30","guid":{"rendered":"https:\/\/sierpemangrovetour.com\/?post_type=product&#038;p=5734"},"modified":"2024-11-16T15:07:50","modified_gmt":"2024-11-16T21:07:50","slug":"night-tour-at-sierpe-mangrove-to-observe-crocodiles","status":"publish","type":"product","link":"https:\/\/sierpemangrovetour.com\/es\/producto\/night-tour-at-sierpe-mangrove-to-observe-crocodiles\/","title":{"rendered":"Excursi\u00f3n Nocturna por el R\u00edo Sierpe"},"content":{"rendered":"<h2 style=\"text-align: center;\">Excursi\u00f3n Nocturna por el R\u00edo Sierpe<\/h2>\n<p style=\"text-align: justify;\">Discover a hidden paradise in the mangrove forests of the Sierpe River, located in Costa Rica! Sierpe River serves as the gateway to the most extensive virgin mangrove forest in Central America and is a refuge for numerous species of birds and other wildlife. The village is peaceful and authentic, situated on the banks of the river of the same name. All our tours start from here.<\/p>\n<p style=\"text-align: justify;\">The natural beauty of the Sierpe River and the mangrove channels is breathtaking, and the mangrove forest is mesmerizing. At Kokopelli, we strive to provide you or your group an unforgettable experience. We can show you some places even the locals have never seen.<\/p>\n<p style=\"text-align: justify;\">Our guided tours take you through the protected tributaries and mangroves that are home to various wildlife species. Join us on our tour, and you will have the chance to see different species of animals. During our night tour, you can spot animals such as crocodiles, slow-moving sloths, spiders, frogs, caimans, snakes, turtles, and much more.<\/p>\n<p style=\"text-align: justify;\">Our bilingual guides are fluent in the river and familiar with the best viewing spots. They will expertly navigate the boat to offer you the best chance to see animals and birds up close and take a perfect photo.<\/p>","protected":false},"excerpt":{"rendered":"<h3 style=\"text-align: center;\">Excursi\u00f3n Nocturna por el R\u00edo Sierpe<\/h3>\n<p style=\"text-align: justify;\">Disfruta de un paseo en bote a baja velocidad por el r\u00edo Sierpe para observar diversas especies de animales del bosque de manglar presentes en la zona. El tour dura aproximadamente 3 horas e incluye un bote con techo tipo Bimini, agua embotellada y refresco de frutas para que te mantengas hidratado. Durante el recorrido, aprender\u00e1s sobre la belleza y singularidad de la flora y fauna tropical del delicado ecosistema del r\u00edo Sierpe de la mano de un gu\u00eda experto.<\/p>\n<p style=\"text-align: justify;\">El tour incluye un gu\u00eda, agua y una bebida de frutas. El n\u00famero m\u00ednimo de personas requerido para realizar el tour es de dos. Las embarcaciones tienen capacidad para 2, 6, 8 y hasta 20 personas. Adem\u00e1s, el operador del tour cuenta con una p\u00f3liza de responsabilidad civil vigente y la embarcaci\u00f3n est\u00e1 debidamente registrada en la capitan\u00eda de puerto.<\/p>\n<p style=\"text-align: justify;\">El pago puede realizarse en efectivo o por medio de PayPal, en colones o en d\u00f3lares. La hora de salida del tour es a las 5:00 p.m. Por favor, aseg\u00farate de presentarte en la oficina media hora antes de la salida.<\/p>\n<p style=\"text-align: justify;\">El precio del tour es de $85 para adultos y $61 para ni\u00f1os menores de 7 a\u00f1os. El precio incluye el IVA, pero no incluye el costo de la transferencia por PayPal. El tour est\u00e1 disponible en espa\u00f1ol o ingl\u00e9s.<\/p>\n<p><strong>Si solo necesitas hacer una reservaci\u00f3n, por favor cont\u00e1ctanos por correo electr\u00f3nico a <a href=\"mailto:kokopelli.sierpe@gmail.com\">kokopelli.sierpe@gmail.com<\/a>. Te informaremos sobre nuestra disponibilidad a la brevedad.<\/strong><\/p>","protected":false},"featured_media":5752,"comment_status":"open","ping_status":"closed","template":"","meta":{"_uf_show_specific_survey":0,"_uf_disable_surveys":false,"jetpack_publicize_message":"","jetpack_publicize_feature_enabled":true,"jetpack_social_post_already_shared":true,"jetpack_social_options":{"image_generator_settings":{"template":"highway","default_image_id":0,"font":"","enabled":false},"version":2}},"product_brand":[],"product_cat":[17],"product_tag":[83,86,85,84,82,87],"class_list":{"0":"post-5734","1":"product","2":"type-product","3":"status-publish","4":"has-post-thumbnail","6":"product_cat-uncategorized","7":"product_tag-boat-tour","8":"product_tag-costa-rica","9":"product_tag-mangrove-tour","10":"product_tag-sierpe","11":"product_tag-wildlife","12":"product_tag-wildlife-and-mangrove-tours","14":"first","15":"instock","16":"virtual","17":"sold-individually","18":"purchasable","19":"product-type-booking"},"aioseo_notices":[],"jetpack_publicize_connections":[],"jetpack_sharing_enabled":true,"_links":{"self":[{"href":"https:\/\/sierpemangrovetour.com\/es\/wp-json\/wp\/v2\/product\/5734","targetHints":{"allow":["GET"]}}],"collection":[{"href":"https:\/\/sierpemangrovetour.com\/es\/wp-json\/wp\/v2\/product"}],"about":[{"href":"https:\/\/sierpemangrovetour.com\/es\/wp-json\/wp\/v2\/types\/product"}],"replies":[{"embeddable":true,"href":"https:\/\/sierpemangrovetour.com\/es\/wp-json\/wp\/v2\/comments?post=5734"}],"wp:featuredmedia":[{"embeddable":true,"href":"https:\/\/sierpemangrovetour.com\/es\/wp-json\/wp\/v2\/media\/5752"}],"wp:attachment":[{"href":"https:\/\/sierpemangrovetour.com\/es\/wp-json\/wp\/v2\/media?parent=5734"}],"wp:term":[{"taxonomy":"product_brand","embeddable":true,"href":"https:\/\/sierpemangrovetour.com\/es\/wp-json\/wp\/v2\/product_brand?post=5734"},{"taxonomy":"product_cat","embeddable":true,"href":"https:\/\/sierpemangrovetour.com\/es\/wp-json\/wp\/v2\/product_cat?post=5734"},{"taxonomy":"product_tag","embeddable":true,"href":"https:\/\/sierpemangrovetour.com\/es\/wp-json\/wp\/v2\/product_tag?post=5734"}],"curies":[{"name":"wp","href":"https:\/\/api.w.org\/{rel}","templated":true}]}}